{"id":1797,"date":"2011-07-14T19:45:29","date_gmt":"2011-07-14T19:45:29","guid":{"rendered":"http:\/\/192.168.9.29\/Development\/TB\/?page_id=5"},"modified":"2019-08-19T17:02:30","modified_gmt":"2019-08-19T17:02:30","slug":"about-us","status":"publish","type":"page","link":"http:\/\/www.enramex.com\/enramexES\/about-us\/","title":{"rendered":"Sobre Nosotros"},"content":{"rendered":"\n<h4 class=\"wp-block-heading\">\u00bfQuienes somos?<\/h4>\n\n\n\n<div class=\"wp-block-image\"><figure class=\"alignright\"><img loading=\"lazy\" decoding=\"async\" width=\"400\" height=\"314\" src=\"http:\/\/www.enramex.com\/enramexES\/wp-content\/uploads\/2019\/05\/bank_teller_man.jpg\" alt=\"\" class=\"wp-image-2015\" srcset=\"http:\/\/www.enramex.com\/enramexES\/wp-content\/uploads\/2019\/05\/bank_teller_man.jpg 400w, http:\/\/www.enramex.com\/enramexES\/wp-content\/uploads\/2019\/05\/bank_teller_man-300x236.jpg 300w\" sizes=\"auto, (max-width: 400px) 100vw, 400px\" \/><\/figure><\/div>\n\n\n\n<p class=\"has-medium-font-size\">ENRAMEX, Inc. es una corporaci\u00f3n registrada con el gobierno de los Estados Unidos de Am\u00e9rica para realizar envios de dinero. Con esta licencia, enviamos dinero de Estados Unidos a M\u00e9xico, Centro y Sudam\u00e9rica y Rep\u00fablica Dominicana.<\/p>\n\n\n\n<p>ENRAMEX, Inc. fue fundada en Enero de 1998, en la ciudad de Denver, Colorado. En este momento, sus oficinas principales se encuentran en 4601 Wadsworth Blvd., Wheat Ridge, CO 80033. La compa\u00f1\u00eda tiene licencia para operar para env\u00edos de dinero a los siguientes estados:<\/p>\n\n\n\n<div class=\"wp-block-columns has-2-columns is-layout-flex wp-container-core-columns-is-layout-9d6595d7 wp-block-columns-is-layout-flex\">\n<div class=\"wp-block-column is-layout-flow wp-block-column-is-layout-flow\">\n<ul class=\"wp-block-list\"><li><strong>Arizona<\/strong><\/li><li><strong>Arkansas<\/strong><\/li><li><strong>North Carolina<\/strong><\/li><li><strong>South Carolina<\/strong><\/li><li><strong>Colorado<\/strong><\/li><li><strong>Georgia<\/strong><\/li><li><strong> Idaho<\/strong><\/li><li><strong>Iowa<\/strong><\/li><li><strong>Kansas<\/strong><\/li><li><strong>Missouri<\/strong><\/li><\/ul>\n<\/div>\n\n\n\n<div class=\"wp-block-column is-layout-flow wp-block-column-is-layout-flow\">\n<ul class=\"wp-block-list\"><li><strong>Nebraska<\/strong><\/li><li><strong>New Mexico<\/strong><\/li><li><strong>Oklahoma<\/strong><\/li><li><strong>Oregon<\/strong><\/li><li><strong>Washington State<\/strong><\/li><li><strong>Utah<\/strong><\/li><li><strong>Texas<\/strong><\/li><li><strong>Wyoming<\/strong><\/li><\/ul>\n<\/div>\n<\/div>\n\n\n\n<h4 class=\"wp-block-heading\"><strong>Nuestra Filosof\u00eda<\/strong><\/h4>\n\n\n\n<p>Nuestra filosof\u00eda de trabajo se basa en el principio de \"Nuestros clientes son lo primero\", motivo por el cual nos distinguimos por la calidez humana con la que atendemos incondicionalmente a nuestros clientes y la calidad profesional con la que realizamos nuestro trabajo. La comunicaci\u00f3n abierta, clara y honesta nos gu\u00eda para satisfacer las necesidades de nuestros clientes.<\/p>\n\n\n\n<h4 class=\"wp-block-heading\">Nuestra Misi\u00f3n<\/h4>\n\n\n\n<p>Para ser una empresa m\u00e1s eficiente en el mercado de envios de dinero ofreciendo:<\/p>\n\n\n\n<ul class=\"wp-block-list\"><li>El mejor servicio al cliente.<\/li><li>Pagos oportunos al beneficiario.<\/li><li>Las mejores tarifas del mercado.<\/li><li>El mejor tipo de cambio.<\/li><\/ul>\n\n\n\n<h4 class=\"wp-block-heading\"><strong>Nuestros Valores<\/strong><\/h4>\n\n\n\n<p>Como parte de ENRAMEX Inc., creemos firmemente en una serie de valores fundamentales y universales que nos gu\u00edan para cumplir con \u00e9xito nuestra misi\u00f3n.<\/p>\n\n\n\n<p>Estos valores son:<\/p>\n\n\n\n<p><strong>Honestidad:<\/strong>transparencia e integridad en la administraci\u00f3n de todas nuestras operaciones con clientes, agentes y bancos.<\/p>\n\n\n\n<p><strong>Estamos enfocados en el cliente:\u00a0<\/strong>es la raz\u00f3n del trabajo de nuestra empresa dirigido a satisfacer las necesidades de nuestros clientes.<\/p>\n\n\n\n<p><strong>Trabajamos en grupo:<\/strong> es la base de los logros identificados por los talentos y habilidades de cada miembro de la empresa que promueven cumplir los logros de la empresa. <\/p>\n\n\n\n<p><strong>Conocimiento del mercado:<\/strong>la experiencia de servir a nuestros clientes desde 1998. Las alianzas y contratos con instituciones financieras de M\u00e9xico y los Estados Unidos nos mantienen competitivos como una buena opci\u00f3n de servicio en el mercado.<\/p>\n","protected":false},"excerpt":{"rendered":"\u00bfQuienes somos? ENRAMEX, Inc. es una corporaci\u00f3n registrada con el gobierno de los Estados Unidos de Am\u00e9rica para realizar envios de dinero. Con esta licencia, enviamos dinero de Estados Unidos a M\u00e9xico, Centro y Sudam\u00e9rica y Rep\u00fablica Dominicana. ENRAMEX, Inc. fue fundada en Enero de 1998, en la ciudad de Denver, Colorado. En este momento, sus oficinas principales se encuentran&nbsp;<a href=\"http:\/\/www.enramex.com\/enramexES\/about-us\/\" class=\"read-more\">Continue Reading<\/a>","protected":false},"author":1,"featured_media":0,"parent":0,"menu_order":1,"comment_status":"open","ping_status":"open","template":"page-fullwidth.php","meta":{"footnotes":""},"class_list":["post-1797","page","type-page","status-publish","hentry"],"_links":{"self":[{"href":"http:\/\/www.enramex.com\/enramexES\/wp-json\/wp\/v2\/pages\/1797","targetHints":{"allow":["GET"]}}],"collection":[{"href":"http:\/\/www.enramex.com\/enramexES\/wp-json\/wp\/v2\/pages"}],"about":[{"href":"http:\/\/www.enramex.com\/enramexES\/wp-json\/wp\/v2\/types\/page"}],"author":[{"embeddable":true,"href":"http:\/\/www.enramex.com\/enramexES\/wp-json\/wp\/v2\/users\/1"}],"replies":[{"embeddable":true,"href":"http:\/\/www.enramex.com\/enramexES\/wp-json\/wp\/v2\/comments?post=1797"}],"version-history":[{"count":2,"href":"http:\/\/www.enramex.com\/enramexES\/wp-json\/wp\/v2\/pages\/1797\/revisions"}],"predecessor-version":[{"id":2208,"href":"http:\/\/www.enramex.com\/enramexES\/wp-json\/wp\/v2\/pages\/1797\/revisions\/2208"}],"wp:attachment":[{"href":"http:\/\/www.enramex.com\/enramexES\/wp-json\/wp\/v2\/media?parent=1797"}],"curies":[{"name":"wp","href":"https:\/\/api.w.org\/{rel}","templated":true}]}}