{"id":203,"date":"2011-09-14T09:45:02","date_gmt":"2011-09-14T09:45:02","guid":{"rendered":"http:\/\/192.168.9.29\/Development\/TB\/?page_id=203"},"modified":"2019-08-19T16:54:20","modified_gmt":"2019-08-19T16:54:20","slug":"home","status":"publish","type":"page","link":"http:\/\/www.enramex.com\/enramexES\/","title":{"rendered":"Main page"},"content":{"rendered":"<div class=\"box\">\n<div class=\"row \">\n<div class=\"span4 \"><div class=\"service-box \"><figure class=\"icon\"><img decoding=\"async\" src=\"http:\/\/www.enramex.com\/enramexES\/wp-content\/themes\/theme47783\/images\/icon1.png\" alt=\"\" \/><\/figure><div class=\"service-box_body\"><h2 class=\"title\">Nuestro Servicio<\/h2><div class=\"service-box_txt\">Nuestro envios de dinero tiene cobertura en todos los estados de la Rep\u00fablica de M\u00e9xico, Am\u00e9rica Central, Am\u00e9rica del Sur y Rep\u00fablica Dominicana.<\/div><\/div><\/div><!-- \/Service Box --><\/div>\n<div class=\"span4 \"><div class=\"service-box \"><figure class=\"icon\"><img decoding=\"async\" src=\"http:\/\/www.enramex.com\/enramexES\/wp-content\/themes\/theme47783\/images\/icon2.png\" alt=\"\" \/><\/figure><div class=\"service-box_body\"><h2 class=\"title\">Nuestra Seguridad<\/h2><div class=\"service-box_txt\">Ofrecemos a todos nuestros clientes un servicio de env\u00edos que es confiable a trav\u00e9s de nuestra amplia red de pagos.<\/div><\/div><\/div><!-- \/Service Box --><\/div>\n<div class=\"span4 \"><div class=\"service-box \"><figure class=\"icon\"><img decoding=\"async\" src=\"http:\/\/www.enramex.com\/enramexES\/wp-content\/themes\/theme47783\/images\/icon3.png\" alt=\"\" \/><\/figure><div class=\"service-box_body\"><h2 class=\"title\">Nuestra Misi\u00f3n<\/h2><div class=\"service-box_txt\">Ser una empresa m\u00e1s eficiente en el mercado de envios de dinero.<\/div><\/div><\/div><!-- \/Service Box --><\/div>\n<\/div><!-- .row (end) -->\n<\/div>\n<div class=\"row \">\n<div class=\"span3 \"><h3>Eventos y Promociones<\/h3>\n<p><img loading=\"lazy\" decoding=\"async\" class=\"alignnone wp-image-2000 size-full\" src=\"http:\/\/www.enramex.com\/enramexES\/wp-content\/uploads\/2019\/05\/BottomBlocks_event_winner.jpg\" alt=\"\" width=\"270\" height=\"270\" srcset=\"http:\/\/www.enramex.com\/enramexES\/wp-content\/uploads\/2019\/05\/BottomBlocks_event_winner.jpg 270w, http:\/\/www.enramex.com\/enramexES\/wp-content\/uploads\/2019\/05\/BottomBlocks_event_winner-150x150.jpg 150w\" sizes=\"auto, (max-width: 270px) 100vw, 270px\" \/><br \/>\n<div class=\"hero-unit extra\"><p>ENRAMEX ofrece diferentes sorteos y promociones para celebrar fiestas importantes, como el D\u00eda de la Madre y Navidad, entre otras.<\/p><div class=\"btn-align\"><a href=\"http:\/\/www.enramex.com\/enramexES\/eventos-y-promociones\/\" title=\"Aprende M\u00e1s\" class=\"btn btn-primary btn-normal btn-primary\" target=\"_self\">Aprende M\u00e1s<\/a><\/div><\/div><!-- .hero-unit (end) --><\/div>\n<div class=\"span3 \"><h3>Empleo<\/h3>\n<p><img loading=\"lazy\" decoding=\"async\" class=\"alignnone wp-image-2002 size-full\" src=\"http:\/\/www.enramex.com\/enramexES\/wp-content\/uploads\/2019\/05\/BottomBlocks_careers.jpg\" alt=\"\" width=\"270\" height=\"270\" srcset=\"http:\/\/www.enramex.com\/enramexES\/wp-content\/uploads\/2019\/05\/BottomBlocks_careers.jpg 270w, http:\/\/www.enramex.com\/enramexES\/wp-content\/uploads\/2019\/05\/BottomBlocks_careers-150x150.jpg 150w\" sizes=\"auto, (max-width: 270px) 100vw, 270px\" \/><br \/>\n<div class=\"hero-unit extra\"><p>\u00a1Enramex ofrece salarios competitivos y opotunidades de crecimiento, seguro medico y dental, d\u00edas  feriados y vacaciones pagadas!<\/p><div class=\"btn-align\"><a href=\"careers\" title=\"Aprenda M\u00e1s\" class=\"btn btn-primary btn-normal btn-primary\" target=\"_self\">Aprenda M\u00e1s<\/a><\/div><\/div><!-- .hero-unit (end) --><\/div>\n<div class=\"span3 \"><h3>Agentes<\/h3>\n<p><img loading=\"lazy\" decoding=\"async\" class=\"alignnone wp-image-2004 size-full\" src=\"http:\/\/www.enramex.com\/enramexES\/wp-content\/uploads\/2019\/05\/BottomBlocks_BecomeAgent.jpg\" alt=\"\" width=\"270\" height=\"270\" srcset=\"http:\/\/www.enramex.com\/enramexES\/wp-content\/uploads\/2019\/05\/BottomBlocks_BecomeAgent.jpg 270w, http:\/\/www.enramex.com\/enramexES\/wp-content\/uploads\/2019\/05\/BottomBlocks_BecomeAgent-150x150.jpg 150w\" sizes=\"auto, (max-width: 270px) 100vw, 270px\" \/><br \/>\n<div class=\"hero-unit extra\"><p>\u00a1Enramex ofrece planes de compensaci\u00f3n competitivos para el crecimiento del cliente en poco tiempo!<\/p><div class=\"btn-align\"><a href=\"careers\" title=\"Aprenda M\u00e1s\" class=\"btn btn-primary btn-normal btn-primary\" target=\"_self\">Aprenda M\u00e1s<\/a><\/div><\/div><!-- .hero-unit (end) --><\/div>\n<div class=\"span3 \"><h3>Noticias<\/h3>\n<p><img loading=\"lazy\" decoding=\"async\" class=\"alignnone wp-image-2010 size-full\" src=\"http:\/\/www.enramex.com\/enramexES\/wp-content\/uploads\/2019\/05\/BottomBlocks_news.jpg\" alt=\"\" width=\"270\" height=\"270\" srcset=\"http:\/\/www.enramex.com\/enramexES\/wp-content\/uploads\/2019\/05\/BottomBlocks_news.jpg 270w, http:\/\/www.enramex.com\/enramexES\/wp-content\/uploads\/2019\/05\/BottomBlocks_news-150x150.jpg 150w\" sizes=\"auto, (max-width: 270px) 100vw, 270px\" \/><br \/>\n<div class=\"hero-unit extra\"><p>Mant\u00e9ngase al d\u00eda con las \u00faltimas noticias de Enramex, Inc.<\/p><div class=\"btn-align\"><a href=\"News\" title=\"Aprenda M\u00e1s\" class=\"btn btn-primary btn-normal btn-primary\" target=\"_self\">Aprenda M\u00e1s<\/a><\/div><\/div><!-- .hero-unit (end) --><\/div>\n<\/div><!-- .row (end) -->\n","protected":false},"excerpt":{"rendered":"","protected":false},"author":1,"featured_media":0,"parent":0,"menu_order":0,"comment_status":"open","ping_status":"closed","template":"page-home.php","meta":{"footnotes":""},"class_list":["post-203","page","type-page","status-publish","hentry"],"_links":{"self":[{"href":"http:\/\/www.enramex.com\/enramexES\/wp-json\/wp\/v2\/pages\/203","targetHints":{"allow":["GET"]}}],"collection":[{"href":"http:\/\/www.enramex.com\/enramexES\/wp-json\/wp\/v2\/pages"}],"about":[{"href":"http:\/\/www.enramex.com\/enramexES\/wp-json\/wp\/v2\/types\/page"}],"author":[{"embeddable":true,"href":"http:\/\/www.enramex.com\/enramexES\/wp-json\/wp\/v2\/users\/1"}],"replies":[{"embeddable":true,"href":"http:\/\/www.enramex.com\/enramexES\/wp-json\/wp\/v2\/comments?post=203"}],"version-history":[{"count":8,"href":"http:\/\/www.enramex.com\/enramexES\/wp-json\/wp\/v2\/pages\/203\/revisions"}],"predecessor-version":[{"id":2231,"href":"http:\/\/www.enramex.com\/enramexES\/wp-json\/wp\/v2\/pages\/203\/revisions\/2231"}],"wp:attachment":[{"href":"http:\/\/www.enramex.com\/enramexES\/wp-json\/wp\/v2\/media?parent=203"}],"curies":[{"name":"wp","href":"https:\/\/api.w.org\/{rel}","templated":true}]}}