{"id":2047,"date":"2019-05-20T18:01:08","date_gmt":"2019-05-20T18:01:08","guid":{"rendered":"http:\/\/www.ideasblossomassociates.com\/Enramex_Test2\/?page_id=2047"},"modified":"2021-10-13T18:40:09","modified_gmt":"2021-10-13T18:40:09","slug":"texas-agents","status":"publish","type":"page","link":"http:\/\/www.enramex.com\/enramexES\/compliance\/texas-agents\/","title":{"rendered":"Agentes en Texas"},"content":{"rendered":"\n<p class=\"has-medium-font-size\">Para obtener m\u00e1s informaci\u00f3n sobre nuestros agentes, comun\u00edquese con nosotros al 1-877-707-7711<\/p>\n\n\n\n<hr class=\"wp-block-separator\"\/>\n\n\n\n<figure class=\"wp-block-table\"><table class=\"has-fixed-layout\"><tbody><tr><td><\/td><th><\/th><\/tr><tr><td>AMARILLO<\/td><td>TX<\/td><\/tr><tr><td>CLEBURNE<\/td><td>TX<\/td><\/tr><tr><td>COMANCHE<\/td><td>TX<\/td><\/tr><tr><td>COYANOSA<\/td><td>TX<\/td><\/tr><tr><td>DALLAS<\/td><td>TX<\/td><\/tr><tr><td>FORT STOCKTON<\/td><td>TX<\/td><\/tr><tr><td>FORT WORTH<\/td><td>TX<\/td><\/tr><tr><td>GARLAND<\/td><td>TX<\/td><\/tr><tr><td>GILMER<\/td><td>TX<\/td><\/tr><tr><td>GRANBURY<\/td><td>TX<\/td><\/tr><tr><td>GREENVILLE<\/td><td>TX<\/td><\/tr><tr><td>GROESBECK<\/td><td>TX<\/td><\/tr><tr><td>HALTOM CITY<\/td><td>TX<\/td><\/tr><tr><td>IRVING<\/td><td>TX<\/td><\/tr><tr><td>KERMIT<\/td><td>TX<\/td><\/tr><tr><td>LONGVIEW<\/td><td>TX<\/td><\/tr><tr><td>MANSFIELD<\/td><td>TX<\/td><\/tr><tr><td>MARSHALL<\/td><td>TX<\/td><\/tr><tr><td>MC KINNEY<\/td><td>TX<\/td><\/tr><tr><td>MESQUITE<\/td><td>TX<\/td><\/tr><tr><td>MEXIA<\/td><td>TX<\/td><\/tr><tr><td>MIDLAND<\/td><td>TX<\/td><\/tr><tr><td>MINERAL WELLS<\/td><td>TX<\/td><\/tr><tr><td>MOODY<\/td><td>TX<\/td><\/tr><tr><td>MULESHOE<\/td><td>TX<\/td><\/tr><tr><td>NEWARK<\/td><td>TX<\/td><\/tr><tr><td>ODESSA<\/td><td>TX<\/td><\/tr><tr><td>PECOS<\/td><td>TX<\/td><\/tr><tr><td>PROCTOR<\/td><td>TX<\/td><\/tr><tr><td>SNYDER<\/td><td>TX<\/td><\/tr><tr><td>STEPHENVILLE<\/td><td>TX<\/td><\/tr><tr><td>WACO<\/td><td>TX<\/td><\/tr><tr><td>WEATHERFORD<\/td><td>TX<\/td><\/tr><tr><td>WEST<\/td><td>TX<\/td><\/tr><tr><td>WHITNEY<\/td><td>TX<\/td><\/tr><\/tbody><\/table><\/figure>\n","protected":false},"excerpt":{"rendered":"Para obtener m\u00e1s informaci\u00f3n sobre nuestros agentes, comun\u00edquese con nosotros al 1-877-707-7711 AMARILLO TX CLEBURNE TX COMANCHE TX COYANOSA TX DALLAS TX FORT STOCKTON TX FORT WORTH TX GARLAND TX GILMER TX GRANBURY TX GREENVILLE TX GROESBECK TX HALTOM CITY TX IRVING TX KERMIT TX LONGVIEW TX MANSFIELD TX MARSHALL TX MC KINNEY TX MESQUITE TX MEXIA TX MIDLAND TX&nbsp;<a href=\"http:\/\/www.enramex.com\/enramexES\/compliance\/texas-agents\/\" class=\"read-more\">Continue Reading<\/a>","protected":false},"author":1,"featured_media":0,"parent":2032,"menu_order":0,"comment_status":"closed","ping_status":"closed","template":"page-fullwidth.php","meta":{"footnotes":""},"class_list":["post-2047","page","type-page","status-publish","hentry"],"_links":{"self":[{"href":"http:\/\/www.enramex.com\/enramexES\/wp-json\/wp\/v2\/pages\/2047","targetHints":{"allow":["GET"]}}],"collection":[{"href":"http:\/\/www.enramex.com\/enramexES\/wp-json\/wp\/v2\/pages"}],"about":[{"href":"http:\/\/www.enramex.com\/enramexES\/wp-json\/wp\/v2\/types\/page"}],"author":[{"embeddable":true,"href":"http:\/\/www.enramex.com\/enramexES\/wp-json\/wp\/v2\/users\/1"}],"replies":[{"embeddable":true,"href":"http:\/\/www.enramex.com\/enramexES\/wp-json\/wp\/v2\/comments?post=2047"}],"version-history":[{"count":4,"href":"http:\/\/www.enramex.com\/enramexES\/wp-json\/wp\/v2\/pages\/2047\/revisions"}],"predecessor-version":[{"id":2243,"href":"http:\/\/www.enramex.com\/enramexES\/wp-json\/wp\/v2\/pages\/2047\/revisions\/2243"}],"up":[{"embeddable":true,"href":"http:\/\/www.enramex.com\/enramexES\/wp-json\/wp\/v2\/pages\/2032"}],"wp:attachment":[{"href":"http:\/\/www.enramex.com\/enramexES\/wp-json\/wp\/v2\/media?parent=2047"}],"curies":[{"name":"wp","href":"https:\/\/api.w.org\/{rel}","templated":true}]}}