{"id":2258,"date":"2023-01-02T19:56:00","date_gmt":"2023-01-02T19:56:00","guid":{"rendered":"http:\/\/www.enramex.com\/enramexES\/?page_id=2258"},"modified":"2023-01-02T20:23:37","modified_gmt":"2023-01-02T20:23:37","slug":"prevencion-de-fraude","status":"publish","type":"page","link":"http:\/\/www.enramex.com\/enramexES\/compliance\/prevencion-de-fraude\/","title":{"rendered":"Prevenci\u00f3n de Fraude"},"content":{"rendered":"\n<p><strong>Enramex Inc.,<\/strong> se esfuerza para ayudarle a prevenir el fraude, sin embargo, la prevenci\u00f3n del fraude es responsabilidad de todos. De tal forma, lo que puede hacer para evitar convertirse en una v\u00edctima de fraude, es ser m\u00e1s cuidadoso, educarse y utilizar un muy buen juicio, as\u00ed como aprender a detectar las se\u00f1ales de advertencia de una estafa o un estafador antes de que sea demasiado tarde.<br>Tenga cuidado con las estafas realizadas por personas deshonestas que le piden que env\u00ede dinero. Si sospecha que est\u00e1 siendo v\u00edctima de una estafa o fraude, ll\u00e1menos inmediatamente al 1-877-707-7711 o al 303-291-6000. Tambi\u00e9n le animamos a que se ponga en contacto con las autoridades locales encargadas de hacer cumplir la ley y con otras agencias de protecci\u00f3n del consumidor.<\/p>\n\n\n\n<p><strong>AYUDE A PREVENIR EL FRAUDE<\/strong><br>\u2022 Si Usted est\u00e1 enviando dinero:<br>o Para reclamar un premio de loter\u00eda o un premio ganado, o con la promesa de recibir una gran cantidad de dinero;<br>o Pagar un costo para reclamar una tarjeta de cr\u00e9dito o un pr\u00e9stamo \"garantizado\";<br>o Para responder a una oferta por Internet o por tel\u00e9fono de la que no est\u00e9 seguro de que sea honesta;<br>o A alguien que no conoce o cuya identidad no puede verificar;<br>o Para una situaci\u00f3n de emergencia que no haya confirmado en otro pa\u00eds;<br>o Para el pago de una fianza o del alquiler de una vivienda;<br>o Pagar impuestos de Hacienda;<br>o Para una donaci\u00f3n a una organizaci\u00f3n ben\u00e9fica;<br>o Para una oportunidad de empleo;<br>o Para un trabajo de cliente encubierto;<br>o Para resolver un asunto de inmigraci\u00f3n; o<br>o Pagar algo en respuesta a una llamada de telemarketing.<br><strong><span class=\"has-inline-color has-vivid-red-color\">POR FAVOR, DET\u00c9NGASE, \u00a1NO ENV\u00cdE SU DINERO!<\/span><\/strong><br>Si en alg\u00fan momento le ocurre algo de lo mencionado, o le preocupa el dinero que va a enviar, hable con uno de nuestros representantes para que le ayude a determinar si puede ser v\u00edctima de un fraude.<\/p>\n\n\n\n<p>Estos son algunos recursos de terceros en prevenci\u00f3n y notificaci\u00f3n de fraude:<\/p>\n\n\n\n<p>Federal Trade Commission:<br>\u2022 <a href=\"https:\/\/reportfraud.ftc.gov\/#\/\" data-type=\"URL\" data-id=\"https:\/\/reportfraud.ftc.gov\/#\/\">ReportFraud.ftc.gov<\/a><br>Better Business Bureau<br>\u2022 <a href=\"https:\/\/www.bbb.org\/scamtracker\" data-type=\"URL\" data-id=\"https:\/\/www.bbb.org\/scamtracker\">Find and Report a Scam | Better Business Bureau (bbb.org)<\/a><br>CFPB<br>\u2022 <a href=\"https:\/\/www.consumerfinance.gov\/consumer-tools\/fraud\/\" data-type=\"URL\" data-id=\"https:\/\/www.consumerfinance.gov\/consumer-tools\/fraud\/\">Fraud and scams | Consumer Financial Protection Bureau (consumerfinance.gov)<\/a><\/p>\n","protected":false},"excerpt":{"rendered":"Enramex Inc., se esfuerza para ayudarle a prevenir el fraude, sin embargo, la prevenci\u00f3n del fraude es responsabilidad de todos. De tal forma, lo que puede hacer para evitar convertirse en una v\u00edctima de fraude, es ser m\u00e1s cuidadoso, educarse y utilizar un muy buen juicio, as\u00ed como aprender a detectar las se\u00f1ales de advertencia de una estafa o un&nbsp;<a href=\"http:\/\/www.enramex.com\/enramexES\/compliance\/prevencion-de-fraude\/\" class=\"read-more\">Continue Reading<\/a>","protected":false},"author":2,"featured_media":0,"parent":2032,"menu_order":0,"comment_status":"closed","ping_status":"closed","template":"","meta":{"footnotes":""},"class_list":["post-2258","page","type-page","status-publish","hentry"],"_links":{"self":[{"href":"http:\/\/www.enramex.com\/enramexES\/wp-json\/wp\/v2\/pages\/2258","targetHints":{"allow":["GET"]}}],"collection":[{"href":"http:\/\/www.enramex.com\/enramexES\/wp-json\/wp\/v2\/pages"}],"about":[{"href":"http:\/\/www.enramex.com\/enramexES\/wp-json\/wp\/v2\/types\/page"}],"author":[{"embeddable":true,"href":"http:\/\/www.enramex.com\/enramexES\/wp-json\/wp\/v2\/users\/2"}],"replies":[{"embeddable":true,"href":"http:\/\/www.enramex.com\/enramexES\/wp-json\/wp\/v2\/comments?post=2258"}],"version-history":[{"count":3,"href":"http:\/\/www.enramex.com\/enramexES\/wp-json\/wp\/v2\/pages\/2258\/revisions"}],"predecessor-version":[{"id":2267,"href":"http:\/\/www.enramex.com\/enramexES\/wp-json\/wp\/v2\/pages\/2258\/revisions\/2267"}],"up":[{"embeddable":true,"href":"http:\/\/www.enramex.com\/enramexES\/wp-json\/wp\/v2\/pages\/2032"}],"wp:attachment":[{"href":"http:\/\/www.enramex.com\/enramexES\/wp-json\/wp\/v2\/media?parent=2258"}],"curies":[{"name":"wp","href":"https:\/\/api.w.org\/{rel}","templated":true}]}}