{"id":7,"date":"2011-07-14T19:45:42","date_gmt":"2011-07-14T19:45:42","guid":{"rendered":"http:\/\/192.168.9.29\/Development\/TB\/?page_id=7"},"modified":"2019-08-19T17:04:57","modified_gmt":"2019-08-19T17:04:57","slug":"our-services","status":"publish","type":"page","link":"http:\/\/www.enramex.com\/enramexES\/our-services\/","title":{"rendered":"Nuestros Servicios"},"content":{"rendered":"\n<div class=\"wp-block-image\"><figure class=\"alignright\"><img loading=\"lazy\" decoding=\"async\" width=\"700\" height=\"564\" src=\"http:\/\/www.enramex.com\/enramexES\/wp-content\/uploads\/2019\/05\/enramex_service_locations_map.png\" alt=\"\" class=\"wp-image-2026\" srcset=\"http:\/\/www.enramex.com\/enramexES\/wp-content\/uploads\/2019\/05\/enramex_service_locations_map.png 700w, http:\/\/www.enramex.com\/enramexES\/wp-content\/uploads\/2019\/05\/enramex_service_locations_map-300x242.png 300w\" sizes=\"auto, (max-width: 700px) 100vw, 700px\" \/><\/figure><\/div>\n\n\n\n<p class=\"has-medium-font-size\">Nuestro pago mediante transferencia de dinero tiene cobertura en todos los estados de la Rep\u00fablica de M\u00e9xico, Am\u00e9rica Central, Am\u00e9rica del Sur y Rep\u00fablica Dominicana. Tenemos una amplia red de m\u00e1s de 20,000 puntos de pago para cubrir las necesidades de ubicaci\u00f3n de nuestros clientes y sus beneficiarios.<\/p>\n\n\n\n<h4 class=\"wp-block-heading\"><strong>PAGOS EN MEXICO<\/strong><\/h4>\n\n\n\n<p>Contamos con un sistema de pago extraordinario en cada una de las Tiendas <strong>FAMSA, BANCOPPEL, ELEKTRA<\/strong> y Tiendas <strong>SORIANA<\/strong>, donde su beneficiario puede recibir su pago los 365 d\u00edas del a\u00f1o en horarios muy amplios, normalmente desde las ocho de la ma\u00f1ana hasta las diez de la noche.<\/p>\n\n\n\n<p>Tambi\u00e9n contamos con la red de ubicaciones de pago en <strong>Bansefi<\/strong>, Tiendas <strong>Chedraui<\/strong>, Oficinas de <strong>Tel\u00e9grafos<\/strong> y agencias de pago ubicadas de costa a costa en la Rep\u00fablica de M\u00e9xico.<\/p>\n\n\n\n<p>Realizamos dep\u00f3sitos bancarios a las cuentas de los beneficiarios en las siguientes instituciones bancarias: <strong>Bancomer, Banorte, Santander Serfin, Scotiabank Inverlat.<\/strong><\/p>\n\n\n\n<h4 class=\"wp-block-heading\"><strong>PAGOS EN CENTRO\/SUDAMERICA Y REPUBLICA DOMINICANA<\/strong><\/h4>\n\n\n\n<p>En Am\u00e9rica Central, Am\u00e9rica del Sur y Rep\u00fablica Dominicana, tenemos a su disposici\u00f3n pagos de transferencia de dinero a trav\u00e9s de los siguientes Bancos m\u00e1s reconocibles:<\/p>\n\n\n\n<ul class=\"wp-block-list\"><li><strong>Banco Banrural<\/strong><\/li><li><strong>Banco CitiBank (Banco Cuscatlan)<\/strong><\/li><li><strong>Banco de Occidente<\/strong><\/li><li><strong>Banco GyT<\/strong><\/li><li><strong>Banco Reformador<\/strong><\/li><li><strong>Banco Industrial<\/strong><\/li><li><strong>Banco Azteca<\/strong><\/li><\/ul>\n\n\n\n<p>Tambi\u00e9n tenemos una amplia red de Agentes de pagos que realizan pagos los <strong>7 d\u00edas de la semana.<\/strong><\/p>\n","protected":false},"excerpt":{"rendered":"Nuestro pago mediante transferencia de dinero tiene cobertura en todos los estados de la Rep\u00fablica de M\u00e9xico, Am\u00e9rica Central, Am\u00e9rica del Sur y Rep\u00fablica Dominicana. Tenemos una amplia red de m\u00e1s de 20,000 puntos de pago para cubrir las necesidades de ubicaci\u00f3n de nuestros clientes y sus beneficiarios. PAGOS EN MEXICO Contamos con un sistema de pago extraordinario en cada&nbsp;<a href=\"http:\/\/www.enramex.com\/enramexES\/our-services\/\" class=\"read-more\">Continue Reading<\/a>","protected":false},"author":1,"featured_media":0,"parent":0,"menu_order":1,"comment_status":"open","ping_status":"open","template":"page-fullwidth.php","meta":{"footnotes":""},"class_list":["post-7","page","type-page","status-publish","hentry"],"_links":{"self":[{"href":"http:\/\/www.enramex.com\/enramexES\/wp-json\/wp\/v2\/pages\/7","targetHints":{"allow":["GET"]}}],"collection":[{"href":"http:\/\/www.enramex.com\/enramexES\/wp-json\/wp\/v2\/pages"}],"about":[{"href":"http:\/\/www.enramex.com\/enramexES\/wp-json\/wp\/v2\/types\/page"}],"author":[{"embeddable":true,"href":"http:\/\/www.enramex.com\/enramexES\/wp-json\/wp\/v2\/users\/1"}],"replies":[{"embeddable":true,"href":"http:\/\/www.enramex.com\/enramexES\/wp-json\/wp\/v2\/comments?post=7"}],"version-history":[{"count":2,"href":"http:\/\/www.enramex.com\/enramexES\/wp-json\/wp\/v2\/pages\/7\/revisions"}],"predecessor-version":[{"id":2210,"href":"http:\/\/www.enramex.com\/enramexES\/wp-json\/wp\/v2\/pages\/7\/revisions\/2210"}],"wp:attachment":[{"href":"http:\/\/www.enramex.com\/enramexES\/wp-json\/wp\/v2\/media?parent=7"}],"curies":[{"name":"wp","href":"https:\/\/api.w.org\/{rel}","templated":true}]}}